{"id":85,"date":"2017-01-17T11:50:09","date_gmt":"2017-01-17T11:50:09","guid":{"rendered":"http:\/\/wp1.themexlab.com\/newwp\/industrypress\/?page_id=85"},"modified":"2023-11-28T13:12:55","modified_gmt":"2023-11-28T09:12:55","slug":"about-us","status":"publish","type":"page","link":"http:\/\/factorymegobroba.ge\/fr\/about-us\/","title":{"rendered":"\u00c0 PROPOS DE NOUS"},"content":{"rendered":"<section class=\"kc-elm kc-css-673031 kc_row\"><div class=\"kc-row-container  kc-container\"><div class=\"kc-wrap-columns\"><div class=\"kc-elm kc-css-743163 kc_col-sm-12 kc_column kc_col-sm-12\"><div class=\"kc-col-container\"><div class=\"kc-elm kc-css-37272\" style=\"height: 67px; clear: both; width:100%;\"><\/div><div class=\"kc-elm kc-css-318097 kc_text_block\"><\/p>\n<h2>\u00c0 PROPOS DE NOUS<\/h2>\n<p>L'entreprise \u00ab MEGOBROBA \u00bb fond\u00e9e en 2005 est une usine de menuiserie qui occupe une position de leader sur le march\u00e9 G\u00e9orgien. Nous sommes sp\u00e9cialis\u00e9 dans les portes et les fen\u00eatre en aluminium et en PVC. Nous utilisons des produits de marques europ\u00e9ennes de qualit\u00e9. <u><a href=\"http:\/\/factorymegobroba.ge\/fr\/aluminum\/\">Alumine <\/a><\/u>Parmi eux figurent le PVC de la marque allemande SALAMANDER et l\u2019aluminium thermique de marque AKPA et ASAS, ainsi des m\u00e9canismes et accessoires de la marque autrichienne MAKO.<\/p>\n<p>Notre usine est situ\u00e9 sur un territoire de 12 000 m2. Fort d\u2019une expertise solide dans l\u2019industrie, nous utilisons les mat\u00e9riaux les plus durable et les technologie de pointe pour concevoir et fabriquer des portes et des fen\u00eatres sur mesure, r\u00e9pondant aux normes les plus \u00e9lev\u00e9es. Nos \u00e9quipes hautement qualifi\u00e9 et notre processus de fabrication pr\u00e9cis, garantissent les d\u00e9lais de fabrication et de livraison.<\/p>\n<h2>POINT DE VUE ET MISSION<\/h2>\n<p>Depuis sa cr\u00e9ation, \u00ab MEGOBROBA \u00bb s'est fix\u00e9 pour objectif de devenir un leader du domaine. L'entreprise s'engage \u00e0 produire de la haute qualit\u00e9 et \u00e0 fournir des services en temps opportun pour r\u00e9pondre \u00e0 chaque exigence.<\/p>\n<p>La principale valeur de \u00ab MEGOBROBA \u00bb vient de l\u2019int\u00e9r\u00eat qui se porte envers la client\u00e8le. Nous mettons en place un environnement o\u00f9 le principe fondamental est le confort et la satisfaction du client. C'est pourquoi notre \u00e9quipe cr\u00e9er un lien de proximit\u00e9 afin de faire de cette relation une exp\u00e9rience agr\u00e9able pour chacun.<\/p>\n<p>.<\/p>\n<h2>OUVERTURE DE SHOWROOM<\/h2>\n<p>,,\u10db\u10d4\u10d2\u10dd\u10d1\u10e0\u10dd\u10d1\u10d0\u201c \u10e5\u10d0\u10e0\u10d7\u10e3\u10da \u10d1\u10d0\u10d6\u10d0\u10e0\u10d6\u10d4 \u10d7\u10d0\u10d5\u10d3\u10d0\u10de\u10d8\u10e0\u10d5\u10d4\u10da\u10d0\u10d3 \u10db\u10ea\u10d8\u10e0\u10d4 \u10d6\u10dd\u10db\u10d8\u10e1&nbsp; \u10e1\u10d0\u10ec\u10d0\u10e0\u10db\u10dd\u10e1 \u10e1\u10d0\u10ee\u10d8\u10d7 \u10d2\u10d0\u10db\u10dd\u10e9\u10dc\u10d3\u10d0 \u10d3\u10d0 \u10db\u10d7\u10d0\u10d5\u10d0\u10e0 \u10db\u10d8\u10db\u10d0\u10e0\u10d7\u10e3\u10da\u10d4\u10d1\u10d0\u10d3 <u><a href=\"http:\/\/factorymegobroba.ge\/fr\/metaloplastmas\/\">.<\/a><\/u> \u00ab MEGOBROBA \u00bb a ouvert le premier showroom en G\u00e9orgie. Tous les produits fabriqu\u00e9s par l'entreprise sont pr\u00e9sent\u00e9s \u00e0 l\u2019avenue Guramishvili \u00e0 Tbilissi la Capitale.<\/p>\n<p>.<\/p>\n<p>.<\/p>\n<p><strong>.<\/strong>:<\/p>\n<ul>\n<li>.<\/li>\n<li>.<\/li>\n<li>.<\/li>\n<li>.<\/li>\n<li>.<\/li>\n<li>.<\/li>\n<li>.<\/li>\n<\/ul>\n<p>Aujourd'hui, \u00ab MEGOBROBA \u00bb <strong>fabrique plus de 70 produits :<\/strong> entre eux:<\/p>\n<ul>\n<li>\u2022\tPortes et fen\u00eatres en aluminium et m\u00e9tal-plastique<\/li>\n<li>Syst\u00e8mes de fa\u00e7ade en aluminium<\/li>\n<li>\u2022\tSyst\u00e8mes coulissants et pliants en aluminium<\/li>\n<li>\u2022\tVitrage panorama.<\/li>\n<li><u><a href=\"http:\/\/factorymegobroba.ge\/fr\/aluminum\/\">Pergolas<\/a><\/u><\/li>\n<li>\u2022\tBalustrades en fer, aluminium et verre<\/li>\n<li><u><a href=\"http:\/\/factorymegobroba.ge\/fr\/garage-door\/\">PORTE DE GARAGE<\/a><\/u><\/li>\n<li>Syst\u00e8mes de toiture<\/li>\n<li>Cabines de douche<\/li>\n<li>\u2022\tPorte \u00e0 cellule photo\u00e9lectrique<\/li>\n<li><u><a href=\"http:\/\/factorymegobroba.ge\/fr\/dooor\/\">porte tournante<\/a><\/u><\/li>\n<li>\u2022\tMat\u00e9riau de rev\u00eatement de fa\u00e7ade<\/li>\n<li>\u2022\tD\u00e9corations pour int\u00e9rieur et ext\u00e9rieur<\/li>\n<li><u><a href=\"http:\/\/factorymegobroba.ge\/fr\/interior\/\">Cloisons int\u00e9rieures<\/a><\/u><\/li>\n<li>Porte coupe-feu<\/li>\n<li>.<\/li>\n<\/ul>\n<p>C\u2019est une br\u00e8ve liste de produits de l\u2019entreprise.<\/p>\n<h2>SERVICES<\/h2>\n<ol>\n<li>1.\tConsultations<\/li>\n<li>2.\tMesures en place<\/li>\n<li>.<\/li>\n<li>3.\tInstallation<\/li>\n<li>4.\tTRANSPORT de produits \u00e0 l\u2019internationale<\/li>\n<\/ol>\n<p><strong>.<\/strong><\/p>\n<h3>.<\/h3>\n<p>\u10e1\u10d0\u10e5\u10d0\u10e0\u10d7\u10d5\u10d4\u10da\u10dd\u10e8\u10d8 \u10de\u10d8\u10e0\u10d5\u10d4\u10da\u10d8 \u10e1\u10d0\u10d2\u10d0\u10db\u10dd\u10e4\u10d4\u10dc\u10dd \u10e1\u10d8\u10d5\u10e0\u10ea\u10d4 2020 \u10ec\u10d4\u10da\u10e1 ,,\u10db\u10d4\u10d2\u10dd\u10d1\u10e0\u10dd\u10d1\u10d0\u10db\u201c \u10d3.\u10d2\u10e3\u10e0\u10d0\u10db\u10d8\u10e8\u10d5\u10d8\u10da\u10d8\u10e1 \u10d2\u10d0\u10db\u10d6\u10d8\u10e0\u10d6\u10d4 \u10d2\u10d0\u10ee\u10e1\u10dc\u10d0. \u1c9b\u10d0\u10dc\u10d0\u10db\u10d3\u10d4 \u10e1\u10d0\u10e5\u10d0\u10e0\u10d7\u10d5\u10d4\u10da\u10dd\u10e8\u10d8 \u10d0\u10e0 \u10d0\u10e0\u10e1\u10d4\u10d1\u10dd\u10d1\u10d3\u10d0 \u10d4\u10e0\u10d7\u10d8\u10d0\u10dc\u10d8 \u10e1\u10d8\u10d5\u10e0\u10ea\u10d4, \u10e1\u10d0\u10d3\u10d0\u10ea \u10db\u10dd\u10db\u10ee\u10db\u10d0\u10e0\u10d4\u10d1\u10d4\u10da\u10d8 \u10d5\u10d8\u10d6\u10e3\u10d0\u10da\u10e3\u10e0\u10d0\u10d3 \u10d8\u10ee\u10d8\u10da\u10d0\u10d5\u10d3\u10d0, \u10ee\u10d4\u10da\u10d8\u10d7 \u10e8\u10d4\u10d4\u10ee\u10d4\u10d1\u10dd\u10d3\u10d0 \u10d3\u10d0 \u10e0\u10d4\u10d0\u10da\u10e3\u10e0 \u10db\u10d3\u10d2\u10dd\u10db\u10d0\u10e0\u10d4\u10dd\u10d1\u10d0\u10e8\u10d8 \u10d2\u10d0\u10db\u10dd\u10ea\u10d3\u10d8\u10d3\u10d0 \u10d0\u10db\u10d0 \u10d7\u10e3 \u10d8\u10db \u10de\u10e0\u10dd\u10d3\u10e3\u10e5\u10e2\u10e1.&nbsp; \u10e1\u10d0\u10d2\u10d0\u10db\u10dd\u10e4\u10d4\u10dc\u10dd \u10e1\u10d8\u10d5\u10e0\u10ea\u10d8\u10e1 \u10e8\u10d4\u10e5\u10db\u10dc\u10d8\u10e1 \u10db\u10d8\u10d6\u10d0\u10dc\u10d8 \u10d8\u10e7\u10dd \u10d0\u10d3\u10d0\u10db\u10d8\u10d0\u10dc\u10d4\u10d1\u10d8\u10e1\u10d7\u10d5\u10d8\u10e1 \u10d0\u10e0\u10e9\u10d4\u10d5\u10d0\u10dc\u10d8\u10e1 \u10d2\u10d0\u10db\u10d0\u10e0\u10e2\u10d8\u10d5\u10d4\u10d1\u10d0. \u10e1\u10d8\u10d5\u10e0\u10ea\u10d4\u10e8\u10d8 \u10e7\u10d5\u10d4\u10da\u10d0 \u10d8\u10e1 \u10de\u10e0\u10dd\u10d3\u10e3\u10e5\u10e2\u10d8\u10d0 \u10ec\u10d0\u10e0\u10db\u10dd\u10d3\u10d2\u10d4\u10dc\u10d8\u10da\u10d8, \u10e0\u10dd\u10db\u10d4\u10da\u10e1\u10d0\u10ea \u10d9\u10dd\u10db\u10de\u10d0\u10dc\u10d8\u10d0 \u10d0\u10ec\u10d0\u10e0\u10db\u10dd\u10d4\u10d1\u10e1..<\/p>\n<h3>FABRICATION DE VERRE ET DE FER<\/h3>\n<p>En 2022, \u00ab MEGOBROBA \u00bb a ouvert une verrerie dot\u00e9e de capacit\u00e9s avanc\u00e9es, des normes et de technologies innovantes. <strong>Nous fournissons nos services principalement aux soci\u00e9t\u00e9s et \u00e0 des entreprises de construction.<\/strong> Notre usine permet de mettre pleinement en \u0153uvre tous les processus n\u00e9cessaires dans un seul espace. Le traitement, la d\u00e9coupe laser et la coloration thermique du fer. Dans le cadre de la production locale, l'entreprise fabrique des portes en fer, des balustrades en fer, des portails m\u00e9canique et automatiques. L\u2019usine de fer est \u00e9galement \u00e9quip\u00e9e d\u2019une machine de d\u00e9coupe laser. Nous avons la capacit\u00e9 de s\u2019adapter aux demandes pr\u00e9cis des clients \u00e0 tout les niveaux Il faut \u00e9galement mentionner la machine de coloration thermique o\u00f9 le produit est color\u00e9 en tenant compte de toutes les r\u00e8gles et recommandations. Le produit est color\u00e9 \u00e0 180 degr\u00e9s par une peinture anticorrosion de haute qualit\u00e9<\/p>\n<p>. <strong>.<\/strong> .<\/p>\n<p>.<\/p>\n<p>.<\/p>\n<h2>.<\/h2>\n<h3>EXPORT DE PRODUITS.<\/h3>\n<p>En 2023, apr\u00e8s de nombreuses ann\u00e9es d'exp\u00e9rience dans la production nous exportant des produits \u00e0 l'\u00e9tranger. Les syst\u00e8mes de portes, fen\u00eatres et de fa\u00e7ades sont d\u00e9j\u00e0 export\u00e9s <strong>au Canada,<\/strong> et dans d\u2019autres pays, ce qui constitue un grand succ\u00e8s pour l'entreprise et d\u00e9montre la qualit\u00e9 exemplaire des produits<\/p>\n<p>.<\/p>\n<p>.<\/p>\n<h2>.<\/h2>\n<p>. <strong>. <\/strong>. <strong>.<\/strong> . <strong>. <\/strong>.<\/p>\n<p>. <strong>Une \u00e9quipe de professionnels est \u00e0 votre disposition <\/strong>7 jour sur 7 pour r\u00e9pondre \u00e0 vos questions, donner des conseils de pratiques et fournir un service qualifi\u00e9.<\/p>\n<p>\n<\/div><div class=\"kc-elm kc-css-819137\" style=\"height: 34px; clear: both; width:100%;\"><\/div><\/div><\/div><\/div><\/div><\/section>","protected":false},"excerpt":{"rendered":"","protected":false},"author":1,"featured_media":0,"parent":0,"menu_order":0,"comment_status":"closed","ping_status":"closed","template":"tpl-king_composer.php","meta":{"ngg_post_thumbnail":0,"footnotes":""},"class_list":["post-85","page","type-page","status-publish","hentry"],"yoast_head":"<!-- This site is optimized with the Yoast SEO plugin v21.6 - https:\/\/yoast.com\/wordpress\/plugins\/seo\/ -->\n<title>\u10e9\u10d5\u10d4\u10dc \u10e8\u10d4\u10e1\u10d0\u10ee\u10d4\u10d1 - factory<\/title>\n<meta name=\"robots\" content=\"index, follow, max-snippet:-1, max-image-preview:large, max-video-preview:-1\" \/>\n<link rel=\"canonical\" href=\"http:\/\/factorymegobroba.ge\/fr\/about-us\/\" \/>\n<meta property=\"og:locale\" content=\"fr_FR\" \/>\n<meta property=\"og:type\" content=\"article\" \/>\n<meta property=\"og:title\" content=\"\u10e9\u10d5\u10d4\u10dc \u10e8\u10d4\u10e1\u10d0\u10ee\u10d4\u10d1 - factory\" \/>\n<meta property=\"og:description\" content=\"\u10e9\u10d5\u10d4\u10dc \u10e8\u10d4\u10e1\u10d0\u10ee\u10d4\u10d1 \u10db\u10e0\u10d0\u10d5\u10d0\u10da\u10de\u10e0\u10dd\u10e4\u10d8\u10da\u10e3\u10e0\u10d8 \u10e1\u10d0\u10ec\u10d0\u10e0\u10db\u10dd ,,\u10db\u10d4\u10d2\u10dd\u10d1\u10e0\u10dd\u10d1\u10d0\u201d \u10e5\u10d0\u10e0\u10d7\u10e3\u10da \u10d1\u10d0\u10d6\u10d0\u10e0\u10d6\u10d4 \u10d3\u10d0\u10d0\u10e0\u10e1\u10d4\u10d1\u10d8\u10e1 \u10d3\u10e6\u10d8\u10d3\u10d0\u10dc \u10da\u10d8\u10d3\u10d4\u10e0 \u10de\u10dd\u10d6\u10d8\u10ea\u10d8\u10d0\u10e1 \u10d8\u10dc\u10d0\u10e0\u10e9\u10e3\u10dc\u10d4\u10d1\u10e1. \u10d9\u10dd\u10db\u10de\u10d0\u10dc\u10d8\u10d0 2005 \u10ec\u10d4\u10da\u10e1 \u10d3\u10d0\u10d0\u10e0\u10e1\u10d3\u10d0 \u10d3\u10d0 \u10d3\u10e6\u10d4\u10e1 \u10e3\u10d9\u10d5\u10d4 70-\u10d6\u10d4 \u10db\u10d4\u10e2\u10d8 \u10d3\u10d0\u10e1\u10d0\u10ee\u10d4\u10da\u10d4\u10d1\u10d8\u10e1 \u10de\u10e0\u10dd\u10d3\u10e3\u10e5\u10e2\u10e1 \u10d0\u10db\u10d6\u10d0\u10d3\u10d4\u10d1\u10e1, \u10db\u10d0\u10d7 \u10e8\u10dd\u10e0\u10d8\u10e1, \u10d0\u10da\u10e3\u10db\u10d8\u10dc\u10d8\u10e1\u10d0 \u10d3\u10d0 \u10db\u10d4\u10e2\u10d0\u10da\u10dd-\u10de\u10da\u10d0\u10e1\u10e2\u10db\u10d0\u10e1\u10d8\u10e1 \u10d9\u10d0\u10e0-\u10e4\u10d0\u10dc\u10ef\u10e0\u10d4\u10d1\u10e1, \u10e1\u10d0\u10e4\u10d0\u10e1\u10d0\u10d3\u10d4 \u10d3\u10d0 \u10e8\u10d4\u10db\u10d8\u10dc\u10d5\u10d8\u10e1 \u10e1\u10d8\u10e1\u10e2\u10d4\u10db\u10d4\u10d1\u10e1, \u10de\u10d4\u10e0\u10d2\u10dd\u10da\u10d0\u10e1, \u10e0\u10d9\u10d8\u10dc\u10d8\u10e1 \u10dc\u10d0\u10ec\u10d0\u10e0\u10db\u10e1 \u10d3\u10d0 \u10e1\u10ee\u10d5. \u10e1\u10d0\u10ec\u10d0\u10e0\u10db\u10dd \u10de\u10e0\u10dd\u10d3\u10e3\u10e5\u10ea\u10d8\u10d0\u10e1 \u10e1\u10d7\u10d0\u10d5\u10d0\u10d6\u10dd\u10d1\u10e1 \u10e0\u10dd\u10d2\u10dd\u10e0\u10ea \u10e1\u10d0\u10ea\u10d0\u10da\u10dd, \u10d8\u10e1\u10d4 \u10d9\u10dd\u10e0\u10de\u10dd\u10e0\u10d0\u10ea\u10d8\u10e3\u10da \u10db\u10dd\u10db\u10ee\u10db\u10d0\u10e0\u10d4\u10d1\u10da\u10d4\u10d1\u10e1. ,,\u10db\u10d4\u10d2\u10dd\u10d1\u10e0\u10dd\u10d1\u10d0\u201d \u10de\u10e0\u10dd\u10d3\u10e3\u10e5\u10ea\u10d8\u10d8\u10e1 \u10d3\u10d0\u10e1\u10d0\u10db\u10d6\u10d0\u10d3\u10d4\u10d1\u10da\u10d0\u10d3 \u10e3\u10db\u10d0\u10e6\u10da\u10d4\u10e1\u10d8 \u10ee\u10d0\u10e0\u10d8\u10e1\u10ee\u10d8\u10e1 \u10d4\u10d5\u10e0\u10dd\u10de\u10e3\u10da \u10d3\u10d0 \u10d0\u10db\u10d4\u10e0\u10d8\u10d9\u10e3\u10da\" \/>\n<meta property=\"og:url\" content=\"http:\/\/factorymegobroba.ge\/fr\/about-us\/\" \/>\n<meta property=\"og:site_name\" content=\"factory\" \/>\n<meta property=\"article:modified_time\" content=\"2023-11-28T09:12:55+00:00\" \/>\n<meta name=\"twitter:card\" content=\"summary_large_image\" \/>\n<meta name=\"twitter:label1\" content=\"Dur\u00e9e de lecture estim\u00e9e\" \/>\n\t<meta name=\"twitter:data1\" content=\"5 minutes\" \/>\n<script type=\"application\/ld+json\" class=\"yoast-schema-graph\">{\"@context\":\"https:\/\/schema.org\",\"@graph\":[{\"@type\":\"WebPage\",\"@id\":\"https:\/\/factorymegobroba.ge\/about-us\/\",\"url\":\"https:\/\/factorymegobroba.ge\/about-us\/\",\"name\":\"\u10e9\u10d5\u10d4\u10dc \u10e8\u10d4\u10e1\u10d0\u10ee\u10d4\u10d1 - factory\",\"isPartOf\":{\"@id\":\"https:\/\/factorymegobroba.ge\/fr\/#website\"},\"datePublished\":\"2017-01-17T11:50:09+00:00\",\"dateModified\":\"2023-11-28T09:12:55+00:00\",\"breadcrumb\":{\"@id\":\"https:\/\/factorymegobroba.ge\/about-us\/#breadcrumb\"},\"inLanguage\":\"fr-FR\",\"potentialAction\":[{\"@type\":\"ReadAction\",\"target\":[\"https:\/\/factorymegobroba.ge\/about-us\/\"]}]},{\"@type\":\"BreadcrumbList\",\"@id\":\"https:\/\/factorymegobroba.ge\/about-us\/#breadcrumb\",\"itemListElement\":[{\"@type\":\"ListItem\",\"position\":1,\"name\":\"Home\",\"item\":\"https:\/\/factorymegobroba.ge\/fr\/\"},{\"@type\":\"ListItem\",\"position\":2,\"name\":\"\u10e9\u10d5\u10d4\u10dc \u10e8\u10d4\u10e1\u10d0\u10ee\u10d4\u10d1\"}]},{\"@type\":\"WebSite\",\"@id\":\"https:\/\/factorymegobroba.ge\/fr\/#website\",\"url\":\"https:\/\/factorymegobroba.ge\/fr\/\",\"name\":\"factory\",\"description\":\"\u10e1\u10d0\u10ec\u10d0\u10e0\u10db\u10dd \u10db\u10d4\u10d2\u10dd\u10d1\u10e0\u10dd\u10d1\u10d0\",\"publisher\":{\"@id\":\"https:\/\/factorymegobroba.ge\/fr\/#organization\"},\"potentialAction\":[{\"@type\":\"SearchAction\",\"target\":{\"@type\":\"EntryPoint\",\"urlTemplate\":\"https:\/\/factorymegobroba.ge\/fr\/?s={search_term_string}\"},\"query-input\":\"required name=search_term_string\"}],\"inLanguage\":\"fr-FR\"},{\"@type\":\"Organization\",\"@id\":\"https:\/\/factorymegobroba.ge\/fr\/#organization\",\"name\":\"factory\",\"url\":\"https:\/\/factorymegobroba.ge\/fr\/\",\"logo\":{\"@type\":\"ImageObject\",\"inLanguage\":\"fr-FR\",\"@id\":\"https:\/\/factorymegobroba.ge\/fr\/#\/schema\/logo\/image\/\",\"url\":\"https:\/\/factorymegobroba.ge\/wp-content\/uploads\/2022\/11\/cropped-factory-megoboroba-logo-e1668264754894.png\",\"contentUrl\":\"https:\/\/factorymegobroba.ge\/wp-content\/uploads\/2022\/11\/cropped-factory-megoboroba-logo-e1668264754894.png\",\"width\":512,\"height\":512,\"caption\":\"factory\"},\"image\":{\"@id\":\"https:\/\/factorymegobroba.ge\/fr\/#\/schema\/logo\/image\/\"}}]}<\/script>\n<!-- \/ Yoast SEO plugin. -->","yoast_head_json":{"title":"\u10e9\u10d5\u10d4\u10dc \u10e8\u10d4\u10e1\u10d0\u10ee\u10d4\u10d1 - factory","robots":{"index":"index","follow":"follow","max-snippet":"max-snippet:-1","max-image-preview":"max-image-preview:large","max-video-preview":"max-video-preview:-1"},"canonical":"http:\/\/factorymegobroba.ge\/fr\/about-us\/","og_locale":"fr_FR","og_type":"article","og_title":"\u10e9\u10d5\u10d4\u10dc \u10e8\u10d4\u10e1\u10d0\u10ee\u10d4\u10d1 - factory","og_description":"\u10e9\u10d5\u10d4\u10dc \u10e8\u10d4\u10e1\u10d0\u10ee\u10d4\u10d1 \u10db\u10e0\u10d0\u10d5\u10d0\u10da\u10de\u10e0\u10dd\u10e4\u10d8\u10da\u10e3\u10e0\u10d8 \u10e1\u10d0\u10ec\u10d0\u10e0\u10db\u10dd ,,\u10db\u10d4\u10d2\u10dd\u10d1\u10e0\u10dd\u10d1\u10d0\u201d \u10e5\u10d0\u10e0\u10d7\u10e3\u10da \u10d1\u10d0\u10d6\u10d0\u10e0\u10d6\u10d4 \u10d3\u10d0\u10d0\u10e0\u10e1\u10d4\u10d1\u10d8\u10e1 \u10d3\u10e6\u10d8\u10d3\u10d0\u10dc \u10da\u10d8\u10d3\u10d4\u10e0 \u10de\u10dd\u10d6\u10d8\u10ea\u10d8\u10d0\u10e1 \u10d8\u10dc\u10d0\u10e0\u10e9\u10e3\u10dc\u10d4\u10d1\u10e1. \u10d9\u10dd\u10db\u10de\u10d0\u10dc\u10d8\u10d0 2005 \u10ec\u10d4\u10da\u10e1 \u10d3\u10d0\u10d0\u10e0\u10e1\u10d3\u10d0 \u10d3\u10d0 \u10d3\u10e6\u10d4\u10e1 \u10e3\u10d9\u10d5\u10d4 70-\u10d6\u10d4 \u10db\u10d4\u10e2\u10d8 \u10d3\u10d0\u10e1\u10d0\u10ee\u10d4\u10da\u10d4\u10d1\u10d8\u10e1 \u10de\u10e0\u10dd\u10d3\u10e3\u10e5\u10e2\u10e1 \u10d0\u10db\u10d6\u10d0\u10d3\u10d4\u10d1\u10e1, \u10db\u10d0\u10d7 \u10e8\u10dd\u10e0\u10d8\u10e1, \u10d0\u10da\u10e3\u10db\u10d8\u10dc\u10d8\u10e1\u10d0 \u10d3\u10d0 \u10db\u10d4\u10e2\u10d0\u10da\u10dd-\u10de\u10da\u10d0\u10e1\u10e2\u10db\u10d0\u10e1\u10d8\u10e1 \u10d9\u10d0\u10e0-\u10e4\u10d0\u10dc\u10ef\u10e0\u10d4\u10d1\u10e1, \u10e1\u10d0\u10e4\u10d0\u10e1\u10d0\u10d3\u10d4 \u10d3\u10d0 \u10e8\u10d4\u10db\u10d8\u10dc\u10d5\u10d8\u10e1 \u10e1\u10d8\u10e1\u10e2\u10d4\u10db\u10d4\u10d1\u10e1, \u10de\u10d4\u10e0\u10d2\u10dd\u10da\u10d0\u10e1, \u10e0\u10d9\u10d8\u10dc\u10d8\u10e1 \u10dc\u10d0\u10ec\u10d0\u10e0\u10db\u10e1 \u10d3\u10d0 \u10e1\u10ee\u10d5. \u10e1\u10d0\u10ec\u10d0\u10e0\u10db\u10dd \u10de\u10e0\u10dd\u10d3\u10e3\u10e5\u10ea\u10d8\u10d0\u10e1 \u10e1\u10d7\u10d0\u10d5\u10d0\u10d6\u10dd\u10d1\u10e1 \u10e0\u10dd\u10d2\u10dd\u10e0\u10ea \u10e1\u10d0\u10ea\u10d0\u10da\u10dd, \u10d8\u10e1\u10d4 \u10d9\u10dd\u10e0\u10de\u10dd\u10e0\u10d0\u10ea\u10d8\u10e3\u10da \u10db\u10dd\u10db\u10ee\u10db\u10d0\u10e0\u10d4\u10d1\u10da\u10d4\u10d1\u10e1. ,,\u10db\u10d4\u10d2\u10dd\u10d1\u10e0\u10dd\u10d1\u10d0\u201d \u10de\u10e0\u10dd\u10d3\u10e3\u10e5\u10ea\u10d8\u10d8\u10e1 \u10d3\u10d0\u10e1\u10d0\u10db\u10d6\u10d0\u10d3\u10d4\u10d1\u10da\u10d0\u10d3 \u10e3\u10db\u10d0\u10e6\u10da\u10d4\u10e1\u10d8 \u10ee\u10d0\u10e0\u10d8\u10e1\u10ee\u10d8\u10e1 \u10d4\u10d5\u10e0\u10dd\u10de\u10e3\u10da \u10d3\u10d0 \u10d0\u10db\u10d4\u10e0\u10d8\u10d9\u10e3\u10da","og_url":"http:\/\/factorymegobroba.ge\/fr\/about-us\/","og_site_name":"factory","article_modified_time":"2023-11-28T09:12:55+00:00","twitter_card":"summary_large_image","twitter_misc":{"Dur\u00e9e de lecture estim\u00e9e":"5 minutes"},"schema":{"@context":"https:\/\/schema.org","@graph":[{"@type":"WebPage","@id":"https:\/\/factorymegobroba.ge\/about-us\/","url":"https:\/\/factorymegobroba.ge\/about-us\/","name":"\u10e9\u10d5\u10d4\u10dc \u10e8\u10d4\u10e1\u10d0\u10ee\u10d4\u10d1 - factory","isPartOf":{"@id":"https:\/\/factorymegobroba.ge\/fr\/#website"},"datePublished":"2017-01-17T11:50:09+00:00","dateModified":"2023-11-28T09:12:55+00:00","breadcrumb":{"@id":"https:\/\/factorymegobroba.ge\/about-us\/#breadcrumb"},"inLanguage":"fr-FR","potentialAction":[{"@type":"ReadAction","target":["https:\/\/factorymegobroba.ge\/about-us\/"]}]},{"@type":"BreadcrumbList","@id":"https:\/\/factorymegobroba.ge\/about-us\/#breadcrumb","itemListElement":[{"@type":"ListItem","position":1,"name":"Home","item":"https:\/\/factorymegobroba.ge\/fr\/"},{"@type":"ListItem","position":2,"name":"\u10e9\u10d5\u10d4\u10dc \u10e8\u10d4\u10e1\u10d0\u10ee\u10d4\u10d1"}]},{"@type":"WebSite","@id":"https:\/\/factorymegobroba.ge\/fr\/#website","url":"https:\/\/factorymegobroba.ge\/fr\/","name":"factory","description":"\u10e1\u10d0\u10ec\u10d0\u10e0\u10db\u10dd \u10db\u10d4\u10d2\u10dd\u10d1\u10e0\u10dd\u10d1\u10d0","publisher":{"@id":"https:\/\/factorymegobroba.ge\/fr\/#organization"},"potentialAction":[{"@type":"SearchAction","target":{"@type":"EntryPoint","urlTemplate":"https:\/\/factorymegobroba.ge\/fr\/?s={search_term_string}"},"query-input":"required name=search_term_string"}],"inLanguage":"fr-FR"},{"@type":"Organization","@id":"https:\/\/factorymegobroba.ge\/fr\/#organization","name":"factory","url":"https:\/\/factorymegobroba.ge\/fr\/","logo":{"@type":"ImageObject","inLanguage":"fr-FR","@id":"https:\/\/factorymegobroba.ge\/fr\/#\/schema\/logo\/image\/","url":"https:\/\/factorymegobroba.ge\/wp-content\/uploads\/2022\/11\/cropped-factory-megoboroba-logo-e1668264754894.png","contentUrl":"https:\/\/factorymegobroba.ge\/wp-content\/uploads\/2022\/11\/cropped-factory-megoboroba-logo-e1668264754894.png","width":512,"height":512,"caption":"factory"},"image":{"@id":"https:\/\/factorymegobroba.ge\/fr\/#\/schema\/logo\/image\/"}}]}},"_links":{"self":[{"href":"http:\/\/factorymegobroba.ge\/fr\/wp-json\/wp\/v2\/pages\/85","targetHints":{"allow":["GET"]}}],"collection":[{"href":"http:\/\/factorymegobroba.ge\/fr\/wp-json\/wp\/v2\/pages"}],"about":[{"href":"http:\/\/factorymegobroba.ge\/fr\/wp-json\/wp\/v2\/types\/page"}],"author":[{"embeddable":true,"href":"http:\/\/factorymegobroba.ge\/fr\/wp-json\/wp\/v2\/users\/1"}],"replies":[{"embeddable":true,"href":"http:\/\/factorymegobroba.ge\/fr\/wp-json\/wp\/v2\/comments?post=85"}],"version-history":[{"count":19,"href":"http:\/\/factorymegobroba.ge\/fr\/wp-json\/wp\/v2\/pages\/85\/revisions"}],"predecessor-version":[{"id":984,"href":"http:\/\/factorymegobroba.ge\/fr\/wp-json\/wp\/v2\/pages\/85\/revisions\/984"}],"wp:attachment":[{"href":"http:\/\/factorymegobroba.ge\/fr\/wp-json\/wp\/v2\/media?parent=85"}],"curies":[{"name":"wp","href":"https:\/\/api.w.org\/{rel}","templated":true}]}}